{"id":113,"date":"2022-09-29T01:58:16","date_gmt":"2022-09-29T01:58:16","guid":{"rendered":"https:\/\/imagenes.medicentrocristoredentor.com\/index.php\/vacunas\/"},"modified":"2022-09-29T01:58:43","modified_gmt":"2022-09-29T01:58:43","slug":"vacunas","status":"publish","type":"page","link":"https:\/\/imagenes.medicentrocristoredentor.com\/index.php\/vacunas\/","title":{"rendered":"Vacunas"},"content":{"rendered":"\t\t<div data-elementor-type=\"wp-page\" data-elementor-id=\"113\" class=\"elementor elementor-113\">\n\t\t\t\t\t\t\t\t\t<section class=\"elementor-section elementor-top-section elementor-element elementor-element-8b289eb elementor-section-full_width elementor-section-stretched elementor-section-height-default elementor-section-height-default\" data-id=\"8b289eb\" data-element_type=\"section\" data-settings=\"{&quot;stretch_section&quot;:&quot;section-stretched&quot;}\">\n\t\t\t\t\t\t<div class=\"elementor-container elementor-column-gap-default\">\n\t\t\t\t\t<div class=\"elementor-column elementor-col-100 elementor-top-column elementor-element elementor-element-5e578e\" data-id=\"5e578e\" data-element_type=\"column\">\n\t\t\t<div class=\"elementor-widget-wrap elementor-element-populated\">\n\t\t\t\t\t\t\t\t<div class=\"elementor-element elementor-element-6494df6a elementor-widget elementor-widget-image\" data-id=\"6494df6a\" data-element_type=\"widget\" data-widget_type=\"image.default\">\n\t\t\t\t<div class=\"elementor-widget-container\">\n\t\t\t<style>\/*! elementor - v3.7.7 - 20-09-2022 *\/\n.elementor-widget-image{text-align:center}.elementor-widget-image a{display:inline-block}.elementor-widget-image a img[src$=\".svg\"]{width:48px}.elementor-widget-image img{vertical-align:middle;display:inline-block}<\/style>\t\t\t\t\t\t\t\t\t\t\t\t<img width=\"2040\" height=\"511\" src=\"https:\/\/imagenes.medicentrocristoredentor.com\/wp-content\/uploads\/2022\/09\/seccion-vacuna-2.png\" class=\"attachment-full size-full\" alt=\"\" loading=\"lazy\" srcset=\"https:\/\/imagenes.medicentrocristoredentor.com\/wp-content\/uploads\/2022\/09\/seccion-vacuna-2.png 2040w, https:\/\/imagenes.medicentrocristoredentor.com\/wp-content\/uploads\/2022\/09\/seccion-vacuna-2-300x75.png 300w, https:\/\/imagenes.medicentrocristoredentor.com\/wp-content\/uploads\/2022\/09\/seccion-vacuna-2-1024x257.png 1024w, https:\/\/imagenes.medicentrocristoredentor.com\/wp-content\/uploads\/2022\/09\/seccion-vacuna-2-768x192.png 768w, https:\/\/imagenes.medicentrocristoredentor.com\/wp-content\/uploads\/2022\/09\/seccion-vacuna-2-1536x385.png 1536w\" sizes=\"(max-width: 2040px) 100vw, 2040px\" \/>\t\t\t\t\t\t\t\t\t\t\t\t\t\t\t<\/div>\n\t\t\t\t<\/div>\n\t\t\t\t\t<\/div>\n\t\t<\/div>\n\t\t\t\t\t\t\t<\/div>\n\t\t<\/section>\n\t\t\t\t<section class=\"elementor-section elementor-top-section elementor-element elementor-element-61ad8d1d elementor-section-boxed elementor-section-height-default elementor-section-height-default\" data-id=\"61ad8d1d\" data-element_type=\"section\">\n\t\t\t\t\t\t<div class=\"elementor-container elementor-column-gap-default\">\n\t\t\t\t\t<div class=\"elementor-column elementor-col-100 elementor-top-column elementor-element elementor-element-383448c6\" data-id=\"383448c6\" data-element_type=\"column\">\n\t\t\t<div class=\"elementor-widget-wrap elementor-element-populated\">\n\t\t\t\t\t\t\t\t<div class=\"elementor-element elementor-element-7f8d475b elementor-widget elementor-widget-heading\" data-id=\"7f8d475b\" data-element_type=\"widget\" data-widget_type=\"heading.default\">\n\t\t\t\t<div class=\"elementor-widget-container\">\n\t\t\t<style>\/*! elementor - v3.7.7 - 20-09-2022 *\/\n.elementor-heading-title{padding:0;margin:0;line-height:1}.elementor-widget-heading .elementor-heading-title[class*=elementor-size-]>a{color:inherit;font-size:inherit;line-height:inherit}.elementor-widget-heading .elementor-heading-title.elementor-size-small{font-size:15px}.elementor-widget-heading .elementor-heading-title.elementor-size-medium{font-size:19px}.elementor-widget-heading .elementor-heading-title.elementor-size-large{font-size:29px}.elementor-widget-heading .elementor-heading-title.elementor-size-xl{font-size:39px}.elementor-widget-heading .elementor-heading-title.elementor-size-xxl{font-size:59px}<\/style><h1 class=\"elementor-heading-title elementor-size-default\">VACUNAS MEDICENTRO<\/h1>\t\t<\/div>\n\t\t\t\t<\/div>\n\t\t\t\t\t<\/div>\n\t\t<\/div>\n\t\t\t\t\t\t\t<\/div>\n\t\t<\/section>\n\t\t\t\t<section class=\"elementor-section elementor-top-section elementor-element elementor-element-408e32d0 elementor-section-boxed elementor-section-height-default elementor-section-height-default\" data-id=\"408e32d0\" data-element_type=\"section\">\n\t\t\t\t\t\t<div class=\"elementor-container elementor-column-gap-default\">\n\t\t\t\t\t<div class=\"elementor-column elementor-col-100 elementor-top-column elementor-element elementor-element-5b297b74\" data-id=\"5b297b74\" data-element_type=\"column\">\n\t\t\t<div class=\"elementor-widget-wrap elementor-element-populated\">\n\t\t\t\t\t\t\t\t<div class=\"elementor-element elementor-element-2f7048a3 elementor-widget elementor-widget-text-editor\" data-id=\"2f7048a3\" data-element_type=\"widget\" data-widget_type=\"text-editor.default\">\n\t\t\t\t<div class=\"elementor-widget-container\">\n\t\t\t<style>\/*! elementor - v3.7.7 - 20-09-2022 *\/\n.elementor-widget-text-editor.elementor-drop-cap-view-stacked .elementor-drop-cap{background-color:#818a91;color:#fff}.elementor-widget-text-editor.elementor-drop-cap-view-framed .elementor-drop-cap{color:#818a91;border:3px solid;background-color:transparent}.elementor-widget-text-editor:not(.elementor-drop-cap-view-default) .elementor-drop-cap{margin-top:8px}.elementor-widget-text-editor:not(.elementor-drop-cap-view-default) .elementor-drop-cap-letter{width:1em;height:1em}.elementor-widget-text-editor .elementor-drop-cap{float:left;text-align:center;line-height:1;font-size:50px}.elementor-widget-text-editor .elementor-drop-cap-letter{display:inline-block}<\/style>\t\t\t\t<p>En medicentro ofrecemos diversos tipos de vacunas pensado en el bienestar, la prevenci\u00f3n y control de enfermedades prevenibles por medio de la inmunizaci\u00f3n.<\/p>\t\t\t\t\t\t<\/div>\n\t\t\t\t<\/div>\n\t\t\t\t\t<\/div>\n\t\t<\/div>\n\t\t\t\t\t\t\t<\/div>\n\t\t<\/section>\n\t\t\t\t<section class=\"elementor-section elementor-top-section elementor-element elementor-element-6997f84e elementor-section-boxed elementor-section-height-default elementor-section-height-default\" data-id=\"6997f84e\" data-element_type=\"section\">\n\t\t\t\t\t\t<div class=\"elementor-container elementor-column-gap-default\">\n\t\t\t\t\t<div class=\"elementor-column elementor-col-33 elementor-top-column elementor-element elementor-element-4f7b3a3a\" data-id=\"4f7b3a3a\" data-element_type=\"column\">\n\t\t\t<div class=\"elementor-widget-wrap elementor-element-populated\">\n\t\t\t\t\t\t\t\t<div class=\"elementor-element elementor-element-6bed568d elementor-widget elementor-widget-image\" data-id=\"6bed568d\" data-element_type=\"widget\" data-widget_type=\"image.default\">\n\t\t\t\t<div class=\"elementor-widget-container\">\n\t\t\t\t\t\t\t\t\t\t\t\t\t\t\t<img width=\"1024\" height=\"1024\" src=\"https:\/\/imagenes.medicentrocristoredentor.com\/wp-content\/uploads\/2022\/09\/hepatitis-B-web-1-1024x1024.png\" class=\"attachment-large size-large\" alt=\"\" loading=\"lazy\" srcset=\"https:\/\/imagenes.medicentrocristoredentor.com\/wp-content\/uploads\/2022\/09\/hepatitis-B-web-1-1024x1024.png 1024w, https:\/\/imagenes.medicentrocristoredentor.com\/wp-content\/uploads\/2022\/09\/hepatitis-B-web-1-300x300.png 300w, https:\/\/imagenes.medicentrocristoredentor.com\/wp-content\/uploads\/2022\/09\/hepatitis-B-web-1-150x150.png 150w, https:\/\/imagenes.medicentrocristoredentor.com\/wp-content\/uploads\/2022\/09\/hepatitis-B-web-1-768x768.png 768w, https:\/\/imagenes.medicentrocristoredentor.com\/wp-content\/uploads\/2022\/09\/hepatitis-B-web-1.png 1200w\" sizes=\"(max-width: 1024px) 100vw, 1024px\" \/>\t\t\t\t\t\t\t\t\t\t\t\t\t\t\t<\/div>\n\t\t\t\t<\/div>\n\t\t\t\t\t<\/div>\n\t\t<\/div>\n\t\t\t\t<div class=\"elementor-column elementor-col-33 elementor-top-column elementor-element elementor-element-290c6fbc\" data-id=\"290c6fbc\" data-element_type=\"column\">\n\t\t\t<div class=\"elementor-widget-wrap elementor-element-populated\">\n\t\t\t\t\t\t\t\t<div class=\"elementor-element elementor-element-2176fb9d elementor-widget elementor-widget-image\" data-id=\"2176fb9d\" data-element_type=\"widget\" data-widget_type=\"image.default\">\n\t\t\t\t<div class=\"elementor-widget-container\">\n\t\t\t\t\t\t\t\t\t\t\t\t\t\t\t<img width=\"1024\" height=\"1024\" src=\"https:\/\/imagenes.medicentrocristoredentor.com\/wp-content\/uploads\/2022\/09\/vacuna-influenza-web-1024x1024.png\" class=\"attachment-large size-large\" alt=\"\" loading=\"lazy\" srcset=\"https:\/\/imagenes.medicentrocristoredentor.com\/wp-content\/uploads\/2022\/09\/vacuna-influenza-web-1024x1024.png 1024w, https:\/\/imagenes.medicentrocristoredentor.com\/wp-content\/uploads\/2022\/09\/vacuna-influenza-web-300x300.png 300w, https:\/\/imagenes.medicentrocristoredentor.com\/wp-content\/uploads\/2022\/09\/vacuna-influenza-web-150x150.png 150w, https:\/\/imagenes.medicentrocristoredentor.com\/wp-content\/uploads\/2022\/09\/vacuna-influenza-web-768x768.png 768w, https:\/\/imagenes.medicentrocristoredentor.com\/wp-content\/uploads\/2022\/09\/vacuna-influenza-web.png 1200w\" sizes=\"(max-width: 1024px) 100vw, 1024px\" \/>\t\t\t\t\t\t\t\t\t\t\t\t\t\t\t<\/div>\n\t\t\t\t<\/div>\n\t\t\t\t\t<\/div>\n\t\t<\/div>\n\t\t\t\t<div class=\"elementor-column elementor-col-33 elementor-top-column elementor-element elementor-element-697f75a1\" data-id=\"697f75a1\" data-element_type=\"column\">\n\t\t\t<div class=\"elementor-widget-wrap elementor-element-populated\">\n\t\t\t\t\t\t\t\t<div class=\"elementor-element elementor-element-14f64ce1 elementor-widget elementor-widget-image\" data-id=\"14f64ce1\" data-element_type=\"widget\" data-widget_type=\"image.default\">\n\t\t\t\t<div class=\"elementor-widget-container\">\n\t\t\t\t\t\t\t\t\t\t\t\t\t\t\t<img width=\"1024\" height=\"1024\" src=\"https:\/\/imagenes.medicentrocristoredentor.com\/wp-content\/uploads\/2022\/09\/TETANO-web-1024x1024.png\" class=\"attachment-large size-large\" alt=\"\" loading=\"lazy\" srcset=\"https:\/\/imagenes.medicentrocristoredentor.com\/wp-content\/uploads\/2022\/09\/TETANO-web-1024x1024.png 1024w, https:\/\/imagenes.medicentrocristoredentor.com\/wp-content\/uploads\/2022\/09\/TETANO-web-300x300.png 300w, https:\/\/imagenes.medicentrocristoredentor.com\/wp-content\/uploads\/2022\/09\/TETANO-web-150x150.png 150w, https:\/\/imagenes.medicentrocristoredentor.com\/wp-content\/uploads\/2022\/09\/TETANO-web-768x768.png 768w, https:\/\/imagenes.medicentrocristoredentor.com\/wp-content\/uploads\/2022\/09\/TETANO-web.png 1200w\" sizes=\"(max-width: 1024px) 100vw, 1024px\" \/>\t\t\t\t\t\t\t\t\t\t\t\t\t\t\t<\/div>\n\t\t\t\t<\/div>\n\t\t\t\t\t<\/div>\n\t\t<\/div>\n\t\t\t\t\t\t\t<\/div>\n\t\t<\/section>\n\t\t\t\t<section class=\"elementor-section elementor-top-section elementor-element elementor-element-7e3de1a1 elementor-section-boxed elementor-section-height-default elementor-section-height-default\" data-id=\"7e3de1a1\" data-element_type=\"section\">\n\t\t\t\t\t\t<div class=\"elementor-container elementor-column-gap-default\">\n\t\t\t\t\t<div class=\"elementor-column elementor-col-100 elementor-top-column elementor-element elementor-element-690bf876\" data-id=\"690bf876\" data-element_type=\"column\">\n\t\t\t<div class=\"elementor-widget-wrap elementor-element-populated\">\n\t\t\t\t\t\t\t\t<div class=\"elementor-element elementor-element-7aab8f66 elementor-widget elementor-widget-heading\" data-id=\"7aab8f66\" data-element_type=\"widget\" data-widget_type=\"heading.default\">\n\t\t\t\t<div class=\"elementor-widget-container\">\n\t\t\t<h2 class=\"elementor-heading-title elementor-size-default\">PRUEBAS COVID<\/h2>\t\t<\/div>\n\t\t\t\t<\/div>\n\t\t\t\t\t<\/div>\n\t\t<\/div>\n\t\t\t\t\t\t\t<\/div>\n\t\t<\/section>\n\t\t\t\t<section class=\"elementor-section elementor-top-section elementor-element elementor-element-62fe01b7 elementor-section-boxed elementor-section-height-default elementor-section-height-default\" data-id=\"62fe01b7\" data-element_type=\"section\">\n\t\t\t\t\t\t<div class=\"elementor-container elementor-column-gap-default\">\n\t\t\t\t\t<div class=\"elementor-column elementor-col-33 elementor-top-column elementor-element elementor-element-39ea2bb9\" data-id=\"39ea2bb9\" data-element_type=\"column\">\n\t\t\t<div class=\"elementor-widget-wrap elementor-element-populated\">\n\t\t\t\t\t\t\t\t<div class=\"elementor-element elementor-element-7f587291 elementor-widget elementor-widget-image\" data-id=\"7f587291\" data-element_type=\"widget\" data-widget_type=\"image.default\">\n\t\t\t\t<div class=\"elementor-widget-container\">\n\t\t\t\t\t\t\t\t\t\t\t\t\t\t\t<img width=\"357\" height=\"206\" src=\"https:\/\/imagenes.medicentrocristoredentor.com\/wp-content\/uploads\/2022\/09\/antigena-1.png\" class=\"attachment-large size-large\" alt=\"\" loading=\"lazy\" srcset=\"https:\/\/imagenes.medicentrocristoredentor.com\/wp-content\/uploads\/2022\/09\/antigena-1.png 357w, https:\/\/imagenes.medicentrocristoredentor.com\/wp-content\/uploads\/2022\/09\/antigena-1-300x173.png 300w\" sizes=\"(max-width: 357px) 100vw, 357px\" \/>\t\t\t\t\t\t\t\t\t\t\t\t\t\t\t<\/div>\n\t\t\t\t<\/div>\n\t\t\t\t<div class=\"elementor-element elementor-element-7feb9250 elementor-widget elementor-widget-text-editor\" data-id=\"7feb9250\" data-element_type=\"widget\" data-widget_type=\"text-editor.default\">\n\t\t\t\t<div class=\"elementor-widget-container\">\n\t\t\t\t\t\t\t<p><em>Pruebas Ant\u00edgena<\/em><\/p>\t\t\t\t\t\t<\/div>\n\t\t\t\t<\/div>\n\t\t\t\t<div class=\"elementor-element elementor-element-24b0f078 elementor-widget elementor-widget-text-editor\" data-id=\"24b0f078\" data-element_type=\"widget\" data-widget_type=\"text-editor.default\">\n\t\t\t\t<div class=\"elementor-widget-container\">\n\t\t\t\t\t\t\t<div class=\"MuiGrid-root MuiGrid-item MuiGrid-grid-xs-12 MuiGrid-grid-sm-6\"><div style=\"text-align: center;\">Esta prueba detecta ciertas prote\u00ednas en el virus. Los hisopos se usan para tomar una muestra de l\u00edquido de la nariz o la garganta, y la prueba de ant\u00edgeno puede dar resultados en cuesti\u00f3n de minutos. Puede ser m\u00e1s pr\u00e1ctico si la prueba de ant\u00edgeno debe usarse en un gran n\u00famero de personas. Un resultado positivo de una prueba de ant\u00edgeno se considera muy preciso. La entrega de los resultados se completar\u00e1 en aproximadamente 15 minutos.<\/div><\/div>\t\t\t\t\t\t<\/div>\n\t\t\t\t<\/div>\n\t\t\t\t\t<\/div>\n\t\t<\/div>\n\t\t\t\t<div class=\"elementor-column elementor-col-33 elementor-top-column elementor-element elementor-element-352a655d\" data-id=\"352a655d\" data-element_type=\"column\">\n\t\t\t<div class=\"elementor-widget-wrap elementor-element-populated\">\n\t\t\t\t\t\t\t\t<div class=\"elementor-element elementor-element-73a11d08 elementor-widget elementor-widget-image\" data-id=\"73a11d08\" data-element_type=\"widget\" data-widget_type=\"image.default\">\n\t\t\t\t<div class=\"elementor-widget-container\">\n\t\t\t\t\t\t\t\t\t\t\t\t\t\t\t<img width=\"357\" height=\"206\" src=\"https:\/\/imagenes.medicentrocristoredentor.com\/wp-content\/uploads\/2022\/09\/molecular-1.png\" class=\"attachment-large size-large\" alt=\"\" loading=\"lazy\" srcset=\"https:\/\/imagenes.medicentrocristoredentor.com\/wp-content\/uploads\/2022\/09\/molecular-1.png 357w, https:\/\/imagenes.medicentrocristoredentor.com\/wp-content\/uploads\/2022\/09\/molecular-1-300x173.png 300w\" sizes=\"(max-width: 357px) 100vw, 357px\" \/>\t\t\t\t\t\t\t\t\t\t\t\t\t\t\t<\/div>\n\t\t\t\t<\/div>\n\t\t\t\t<div class=\"elementor-element elementor-element-6cfdee9b elementor-widget elementor-widget-text-editor\" data-id=\"6cfdee9b\" data-element_type=\"widget\" data-widget_type=\"text-editor.default\">\n\t\t\t\t<div class=\"elementor-widget-container\">\n\t\t\t\t\t\t\t<p><em>Prueba Molecular<\/em><\/p>\t\t\t\t\t\t<\/div>\n\t\t\t\t<\/div>\n\t\t\t\t<div class=\"elementor-element elementor-element-2f55bfe3 elementor-widget elementor-widget-text-editor\" data-id=\"2f55bfe3\" data-element_type=\"widget\" data-widget_type=\"text-editor.default\">\n\t\t\t\t<div class=\"elementor-widget-container\">\n\t\t\t\t\t\t\t<p style=\"text-align: center;\">Esta es una prueba de laboratorio que puede identificar el virus en las secreciones de la parte superior de la parte posterior de la garganta (hisopado nasofar\u00edngeo) y la parte posterior de la boca (orofaringe). Se hace con bastoncillos de algod\u00f3n. Las pruebas moleculares se consideran altamente precisas. La sensibilidad de la prueba es superior al 99% cuando la PCR se realiza con muestras obtenidas correctamente. Los resultados se entregar\u00e1n en 24 horas.<\/p>\t\t\t\t\t\t<\/div>\n\t\t\t\t<\/div>\n\t\t\t\t\t<\/div>\n\t\t<\/div>\n\t\t\t\t<div class=\"elementor-column elementor-col-33 elementor-top-column elementor-element elementor-element-63e3344a\" data-id=\"63e3344a\" data-element_type=\"column\">\n\t\t\t<div class=\"elementor-widget-wrap elementor-element-populated\">\n\t\t\t\t\t\t\t\t<div class=\"elementor-element elementor-element-179b9f8e elementor-widget elementor-widget-image\" data-id=\"179b9f8e\" data-element_type=\"widget\" data-widget_type=\"image.default\">\n\t\t\t\t<div class=\"elementor-widget-container\">\n\t\t\t\t\t\t\t\t\t\t\t\t\t\t\t<img width=\"357\" height=\"206\" src=\"https:\/\/imagenes.medicentrocristoredentor.com\/wp-content\/uploads\/2022\/09\/pruebas-serologica.png\" class=\"attachment-large size-large\" alt=\"\" loading=\"lazy\" srcset=\"https:\/\/imagenes.medicentrocristoredentor.com\/wp-content\/uploads\/2022\/09\/pruebas-serologica.png 357w, https:\/\/imagenes.medicentrocristoredentor.com\/wp-content\/uploads\/2022\/09\/pruebas-serologica-300x173.png 300w\" sizes=\"(max-width: 357px) 100vw, 357px\" \/>\t\t\t\t\t\t\t\t\t\t\t\t\t\t\t<\/div>\n\t\t\t\t<\/div>\n\t\t\t\t<div class=\"elementor-element elementor-element-6b1b837e elementor-widget elementor-widget-text-editor\" data-id=\"6b1b837e\" data-element_type=\"widget\" data-widget_type=\"text-editor.default\">\n\t\t\t\t<div class=\"elementor-widget-container\">\n\t\t\t\t\t\t\t<p><em>Prueba Serol\u00f3gica<\/em><\/p>\t\t\t\t\t\t<\/div>\n\t\t\t\t<\/div>\n\t\t\t\t<div class=\"elementor-element elementor-element-7ef8ce49 elementor-widget elementor-widget-text-editor\" data-id=\"7ef8ce49\" data-element_type=\"widget\" data-widget_type=\"text-editor.default\">\n\t\t\t\t<div class=\"elementor-widget-container\">\n\t\t\t\t\t\t\t<p style=\"text-align: center;\">A trav\u00e9s de \u00abpruebas serol\u00f3gicas\u00bb, que detectan la presencia de anticuerpos contra un determinado virus y calculan la cantidad de anticuerpos producidos tras la infecci\u00f3n, es posible determinar si una persona ha sido previamente infectada por el SARS-CoV-2<\/p>\t\t\t\t\t\t<\/div>\n\t\t\t\t<\/div>\n\t\t\t\t\t<\/div>\n\t\t<\/div>\n\t\t\t\t\t\t\t<\/div>\n\t\t<\/section>\n\t\t\t\t<section class=\"elementor-section elementor-top-section elementor-element elementor-element-7a851626 elementor-section-boxed elementor-section-height-default elementor-section-height-default\" data-id=\"7a851626\" data-element_type=\"section\">\n\t\t\t\t\t\t<div class=\"elementor-container elementor-column-gap-default\">\n\t\t\t\t\t<div class=\"elementor-column elementor-col-100 elementor-top-column elementor-element elementor-element-669c56ee\" data-id=\"669c56ee\" data-element_type=\"column\">\n\t\t\t<div class=\"elementor-widget-wrap elementor-element-populated\">\n\t\t\t\t\t\t\t\t<div class=\"elementor-element elementor-element-62bd3af5 elementor-widget elementor-widget-image\" data-id=\"62bd3af5\" data-element_type=\"widget\" data-widget_type=\"image.default\">\n\t\t\t\t<div class=\"elementor-widget-container\">\n\t\t\t\t\t\t\t\t\t\t\t\t\t\t\t<img width=\"768\" height=\"768\" src=\"https:\/\/imagenes.medicentrocristoredentor.com\/wp-content\/uploads\/2022\/09\/pruebas-covid-trabajo-2-768x768.png\" class=\"attachment-medium_large size-medium_large\" alt=\"\" loading=\"lazy\" srcset=\"https:\/\/imagenes.medicentrocristoredentor.com\/wp-content\/uploads\/2022\/09\/pruebas-covid-trabajo-2-768x768.png 768w, https:\/\/imagenes.medicentrocristoredentor.com\/wp-content\/uploads\/2022\/09\/pruebas-covid-trabajo-2-300x300.png 300w, https:\/\/imagenes.medicentrocristoredentor.com\/wp-content\/uploads\/2022\/09\/pruebas-covid-trabajo-2-1024x1024.png 1024w, https:\/\/imagenes.medicentrocristoredentor.com\/wp-content\/uploads\/2022\/09\/pruebas-covid-trabajo-2-150x150.png 150w, https:\/\/imagenes.medicentrocristoredentor.com\/wp-content\/uploads\/2022\/09\/pruebas-covid-trabajo-2.png 1200w\" sizes=\"(max-width: 768px) 100vw, 768px\" \/>\t\t\t\t\t\t\t\t\t\t\t\t\t\t\t<\/div>\n\t\t\t\t<\/div>\n\t\t\t\t\t<\/div>\n\t\t<\/div>\n\t\t\t\t\t\t\t<\/div>\n\t\t<\/section>\n\t\t\t\t\t\t\t<\/div>\n\t\t","protected":false},"excerpt":{"rendered":"<p>VACUNAS MEDICENTRO En medicentro ofrecemos diversos tipos de vacunas pensado en el bienestar, la prevenci\u00f3n y control de enfermedades prevenibles por medio de la inmunizaci\u00f3n. PRUEBAS COVID Pruebas Ant\u00edgena Esta prueba detecta ciertas prote\u00ednas en el virus. Los hisopos se usan para tomar una muestra de l\u00edquido de la nariz o la garganta, y la [&hellip;]<\/p>\n","protected":false},"author":1,"featured_media":0,"parent":0,"menu_order":0,"comment_status":"closed","ping_status":"closed","template":"","meta":[],"_links":{"self":[{"href":"https:\/\/imagenes.medicentrocristoredentor.com\/index.php\/wp-json\/wp\/v2\/pages\/113"}],"collection":[{"href":"https:\/\/imagenes.medicentrocristoredentor.com\/index.php\/wp-json\/wp\/v2\/pages"}],"about":[{"href":"https:\/\/imagenes.medicentrocristoredentor.com\/index.php\/wp-json\/wp\/v2\/types\/page"}],"author":[{"embeddable":true,"href":"https:\/\/imagenes.medicentrocristoredentor.com\/index.php\/wp-json\/wp\/v2\/users\/1"}],"replies":[{"embeddable":true,"href":"https:\/\/imagenes.medicentrocristoredentor.com\/index.php\/wp-json\/wp\/v2\/comments?post=113"}],"version-history":[{"count":3,"href":"https:\/\/imagenes.medicentrocristoredentor.com\/index.php\/wp-json\/wp\/v2\/pages\/113\/revisions"}],"predecessor-version":[{"id":181,"href":"https:\/\/imagenes.medicentrocristoredentor.com\/index.php\/wp-json\/wp\/v2\/pages\/113\/revisions\/181"}],"wp:attachment":[{"href":"https:\/\/imagenes.medicentrocristoredentor.com\/index.php\/wp-json\/wp\/v2\/media?parent=113"}],"curies":[{"name":"wp","href":"https:\/\/api.w.org\/{rel}","templated":true}]}}