{"id":81,"date":"2022-09-29T01:58:02","date_gmt":"2022-09-29T01:58:02","guid":{"rendered":"https:\/\/imagenes.medicentrocristoredentor.com\/index.php\/bolsa-de-trabajo\/"},"modified":"2022-09-29T01:58:42","modified_gmt":"2022-09-29T01:58:42","slug":"bolsa-de-trabajo","status":"publish","type":"page","link":"https:\/\/imagenes.medicentrocristoredentor.com\/index.php\/bolsa-de-trabajo\/","title":{"rendered":"Bolsa de Trabajo"},"content":{"rendered":"\t\t<div data-elementor-type=\"wp-page\" data-elementor-id=\"81\" class=\"elementor elementor-81\">\n\t\t\t\t\t\t\t\t\t<section class=\"elementor-section elementor-top-section elementor-element elementor-element-12c16391 elementor-section-boxed elementor-section-height-default elementor-section-height-default\" data-id=\"12c16391\" data-element_type=\"section\">\n\t\t\t\t\t\t<div class=\"elementor-container elementor-column-gap-default\">\n\t\t\t\t\t<div class=\"elementor-column elementor-col-100 elementor-top-column elementor-element elementor-element-17dbbcde\" data-id=\"17dbbcde\" data-element_type=\"column\">\n\t\t\t<div class=\"elementor-widget-wrap elementor-element-populated\">\n\t\t\t\t\t\t\t\t<div class=\"elementor-element elementor-element-1f7d8017 elementor-widget elementor-widget-heading\" data-id=\"1f7d8017\" data-element_type=\"widget\" data-widget_type=\"heading.default\">\n\t\t\t\t<div class=\"elementor-widget-container\">\n\t\t\t<style>\/*! elementor - v3.7.7 - 20-09-2022 *\/\n.elementor-heading-title{padding:0;margin:0;line-height:1}.elementor-widget-heading .elementor-heading-title[class*=elementor-size-]>a{color:inherit;font-size:inherit;line-height:inherit}.elementor-widget-heading .elementor-heading-title.elementor-size-small{font-size:15px}.elementor-widget-heading .elementor-heading-title.elementor-size-medium{font-size:19px}.elementor-widget-heading .elementor-heading-title.elementor-size-large{font-size:29px}.elementor-widget-heading .elementor-heading-title.elementor-size-xl{font-size:39px}.elementor-widget-heading .elementor-heading-title.elementor-size-xxl{font-size:59px}<\/style><h1 class=\"elementor-heading-title elementor-size-default\">Bolsa de Trabajo<\/h1>\t\t<\/div>\n\t\t\t\t<\/div>\n\t\t\t\t\t<\/div>\n\t\t<\/div>\n\t\t\t\t\t\t\t<\/div>\n\t\t<\/section>\n\t\t\t\t<section class=\"elementor-section elementor-top-section elementor-element elementor-element-3b655c03 elementor-section-boxed elementor-section-height-default elementor-section-height-default\" data-id=\"3b655c03\" data-element_type=\"section\">\n\t\t\t\t\t\t<div class=\"elementor-container elementor-column-gap-default\">\n\t\t\t\t\t<div class=\"elementor-column elementor-col-100 elementor-top-column elementor-element elementor-element-50472196\" data-id=\"50472196\" data-element_type=\"column\">\n\t\t\t<div class=\"elementor-widget-wrap elementor-element-populated\">\n\t\t\t\t\t\t\t\t<div class=\"elementor-element elementor-element-52624b26 elementor-widget elementor-widget-image\" data-id=\"52624b26\" data-element_type=\"widget\" data-widget_type=\"image.default\">\n\t\t\t\t<div class=\"elementor-widget-container\">\n\t\t\t<style>\/*! elementor - v3.7.7 - 20-09-2022 *\/\n.elementor-widget-image{text-align:center}.elementor-widget-image a{display:inline-block}.elementor-widget-image a img[src$=\".svg\"]{width:48px}.elementor-widget-image img{vertical-align:middle;display:inline-block}<\/style>\t\t\t\t\t\t\t\t\t\t\t\t<img width=\"300\" height=\"164\" src=\"https:\/\/imagenes.medicentrocristoredentor.com\/wp-content\/uploads\/2022\/09\/bolsaEmpleoMCR-300x164.jpg\" class=\"attachment-medium size-medium\" alt=\"\" loading=\"lazy\" srcset=\"https:\/\/imagenes.medicentrocristoredentor.com\/wp-content\/uploads\/2022\/09\/bolsaEmpleoMCR-300x164.jpg 300w, https:\/\/imagenes.medicentrocristoredentor.com\/wp-content\/uploads\/2022\/09\/bolsaEmpleoMCR-1024x561.jpg 1024w, https:\/\/imagenes.medicentrocristoredentor.com\/wp-content\/uploads\/2022\/09\/bolsaEmpleoMCR-768x420.jpg 768w, https:\/\/imagenes.medicentrocristoredentor.com\/wp-content\/uploads\/2022\/09\/bolsaEmpleoMCR.jpg 1149w\" sizes=\"(max-width: 300px) 100vw, 300px\" \/>\t\t\t\t\t\t\t\t\t\t\t\t\t\t\t<\/div>\n\t\t\t\t<\/div>\n\t\t\t\t<div class=\"elementor-element elementor-element-c4f487d elementor-widget elementor-widget-text-editor\" data-id=\"c4f487d\" data-element_type=\"widget\" data-widget_type=\"text-editor.default\">\n\t\t\t\t<div class=\"elementor-widget-container\">\n\t\t\t<style>\/*! elementor - v3.7.7 - 20-09-2022 *\/\n.elementor-widget-text-editor.elementor-drop-cap-view-stacked .elementor-drop-cap{background-color:#818a91;color:#fff}.elementor-widget-text-editor.elementor-drop-cap-view-framed .elementor-drop-cap{color:#818a91;border:3px solid;background-color:transparent}.elementor-widget-text-editor:not(.elementor-drop-cap-view-default) .elementor-drop-cap{margin-top:8px}.elementor-widget-text-editor:not(.elementor-drop-cap-view-default) .elementor-drop-cap-letter{width:1em;height:1em}.elementor-widget-text-editor .elementor-drop-cap{float:left;text-align:center;line-height:1;font-size:50px}.elementor-widget-text-editor .elementor-drop-cap-letter{display:inline-block}<\/style>\t\t\t\t<p style=\"text-align: center;\">En Medicentro Cristo Redentor estamos comprometidos en el crecimiento empresarial y profesional.Te invitamos a que puedas revisar nuestra propuestas laborales enfocadas en perfiles especificos\u00a0<\/p>\t\t\t\t\t\t<\/div>\n\t\t\t\t<\/div>\n\t\t\t\t<div class=\"elementor-element elementor-element-3b850919 elementor-widget-divider--view-line elementor-widget elementor-widget-divider\" data-id=\"3b850919\" data-element_type=\"widget\" data-widget_type=\"divider.default\">\n\t\t\t\t<div class=\"elementor-widget-container\">\n\t\t\t<style>\/*! elementor - v3.7.7 - 20-09-2022 *\/\n.elementor-widget-divider{--divider-border-style:none;--divider-border-width:1px;--divider-color:#2c2c2c;--divider-icon-size:20px;--divider-element-spacing:10px;--divider-pattern-height:24px;--divider-pattern-size:20px;--divider-pattern-url:none;--divider-pattern-repeat:repeat-x}.elementor-widget-divider .elementor-divider{display:-webkit-box;display:-ms-flexbox;display:flex}.elementor-widget-divider .elementor-divider__text{font-size:15px;line-height:1;max-width:95%}.elementor-widget-divider .elementor-divider__element{margin:0 var(--divider-element-spacing);-ms-flex-negative:0;flex-shrink:0}.elementor-widget-divider .elementor-icon{font-size:var(--divider-icon-size)}.elementor-widget-divider .elementor-divider-separator{display:-webkit-box;display:-ms-flexbox;display:flex;margin:0;direction:ltr}.elementor-widget-divider--view-line_icon .elementor-divider-separator,.elementor-widget-divider--view-line_text .elementor-divider-separator{-webkit-box-align:center;-ms-flex-align:center;align-items:center}.elementor-widget-divider--view-line_icon .elementor-divider-separator:after,.elementor-widget-divider--view-line_icon .elementor-divider-separator:before,.elementor-widget-divider--view-line_text .elementor-divider-separator:after,.elementor-widget-divider--view-line_text .elementor-divider-separator:before{display:block;content:\"\";border-bottom:0;-webkit-box-flex:1;-ms-flex-positive:1;flex-grow:1;border-top:var(--divider-border-width) var(--divider-border-style) var(--divider-color)}.elementor-widget-divider--element-align-left .elementor-divider .elementor-divider-separator>.elementor-divider__svg:first-of-type{-webkit-box-flex:0;-ms-flex-positive:0;flex-grow:0;-ms-flex-negative:100;flex-shrink:100}.elementor-widget-divider--element-align-left .elementor-divider-separator:before{content:none}.elementor-widget-divider--element-align-left .elementor-divider__element{margin-left:0}.elementor-widget-divider--element-align-right .elementor-divider .elementor-divider-separator>.elementor-divider__svg:last-of-type{-webkit-box-flex:0;-ms-flex-positive:0;flex-grow:0;-ms-flex-negative:100;flex-shrink:100}.elementor-widget-divider--element-align-right .elementor-divider-separator:after{content:none}.elementor-widget-divider--element-align-right .elementor-divider__element{margin-right:0}.elementor-widget-divider:not(.elementor-widget-divider--view-line_text):not(.elementor-widget-divider--view-line_icon) .elementor-divider-separator{border-top:var(--divider-border-width) var(--divider-border-style) var(--divider-color)}.elementor-widget-divider--separator-type-pattern{--divider-border-style:none}.elementor-widget-divider--separator-type-pattern.elementor-widget-divider--view-line .elementor-divider-separator,.elementor-widget-divider--separator-type-pattern:not(.elementor-widget-divider--view-line) .elementor-divider-separator:after,.elementor-widget-divider--separator-type-pattern:not(.elementor-widget-divider--view-line) .elementor-divider-separator:before,.elementor-widget-divider--separator-type-pattern:not([class*=elementor-widget-divider--view]) .elementor-divider-separator{width:100%;min-height:var(--divider-pattern-height);-webkit-mask-size:var(--divider-pattern-size) 100%;mask-size:var(--divider-pattern-size) 100%;-webkit-mask-repeat:var(--divider-pattern-repeat);mask-repeat:var(--divider-pattern-repeat);background-color:var(--divider-color);-webkit-mask-image:var(--divider-pattern-url);mask-image:var(--divider-pattern-url)}.elementor-widget-divider--no-spacing{--divider-pattern-size:auto}.elementor-widget-divider--bg-round{--divider-pattern-repeat:round}.rtl .elementor-widget-divider .elementor-divider__text{direction:rtl}.e-container>.elementor-widget-divider{width:var(--container-widget-width,100%);--flex-grow:var(--container-widget-flex-grow,0)}<\/style>\t\t<div class=\"elementor-divider\">\n\t\t\t<span class=\"elementor-divider-separator\">\n\t\t\t\t\t\t<\/span>\n\t\t<\/div>\n\t\t\t\t<\/div>\n\t\t\t\t<\/div>\n\t\t\t\t\t<\/div>\n\t\t<\/div>\n\t\t\t\t\t\t\t<\/div>\n\t\t<\/section>\n\t\t\t\t<section class=\"elementor-section elementor-top-section elementor-element elementor-element-702766b1 elementor-section-boxed elementor-section-height-default elementor-section-height-default\" data-id=\"702766b1\" data-element_type=\"section\">\n\t\t\t\t\t\t<div class=\"elementor-container elementor-column-gap-default\">\n\t\t\t\t\t<div class=\"elementor-column elementor-col-100 elementor-top-column elementor-element elementor-element-b9db553\" data-id=\"b9db553\" data-element_type=\"column\">\n\t\t\t<div class=\"elementor-widget-wrap elementor-element-populated\">\n\t\t\t\t\t\t\t\t<div class=\"elementor-element elementor-element-768d80f7 elementor-widget elementor-widget-text-editor\" data-id=\"768d80f7\" data-element_type=\"widget\" data-widget_type=\"text-editor.default\">\n\t\t\t\t<div class=\"elementor-widget-container\">\n\t\t\t\t\t\t\t<h1 style=\"text-align: center;\">Asesora de Ventas Corporativo &#8211; Telemarkting<\/h1><p><img loading=\"lazy\" class=\"size-medium wp-image-3506 aligncenter\" src=\"https:\/\/medicentrocristoredentor.com\/wp-content\/uploads\/2022\/09\/centro-llamadas_24877-49055-300x300.jpg\" alt=\"\" width=\"300\" height=\"300\" \/><\/p><p>En <strong>MCR<\/strong>, empresa dedicada al rubro de Salud Ocupacional nos encontramos en la b\u00fasqueda del mejor talento para cubrir la posici\u00f3n de Ejecutiva Comercial Telemarketing &#8211; Rubro Salud Ocupacional<\/p><p><strong>Nota: Solo personal Femenino (Filtro Inicial)<\/strong><\/p><p><strong>Requisitos:<\/strong><\/p><ul><li>T\u00e9cnica de Administraci\u00f3n, Marketing, Comunicaci\u00f3n y afines.<\/li><li>Cursos de Negociaci\u00f3n, Ventas, Servicio al cliente.<\/li><li>Experiencia comprobada mayor a 2 a\u00f1os en ventas de productos y\/o servicios intangibles de cualquier giro de negocio (Seguros de vida, entre otros).<\/li><li>Conocimientos de (office) &#8211; nivel intermedio.<\/li><li>M\u00ednimo 02 a\u00f1o en puestos similares en el \u00e1rea.<\/li><li>Conocimientos en Gesti\u00f3n comercial.<\/li><li>Conocimiento en t\u00e9cnicas de venta.<\/li><li>Experiencia en manejo de cartera.<\/li><\/ul><p><strong>Funciones:<\/strong><\/p><ul><li>Cumplir con la cuota mensual, trimestral y anual de venta asignada por la empresa.<\/li><li>Cumplir con el proceso de ventas y prospecci\u00f3n diaria, efectuando llamadas, agendando citas y visitas a clientes con el objetivo que personal de campo realice las visitas de cierre.<\/li><li>Generar y\/o desarrollar cartera de clientes nuevos y potenciales.<\/li><li>Brindar el portafolio de servicios que ofrece la empresa.<\/li><li>Elaboraci\u00f3n de reportes de ventas diarias, semanales y mensuales seg\u00fan la necesidad del avance de ventas de acuerdo a las actividades y resultados.<\/li><li>Reportar diariamente las ventas nuevas para el consolidado del pago de comisiones en base a la meta mensual.<\/li><li>Elaboraci\u00f3n de cotizaciones, propuestas t\u00e9cnicas y econ\u00f3micas a clientes potenciales.<\/li><li>Seguimiento integral de la venta desde la cotizaci\u00f3n, firma de contrato hasta el inicio del servicio, realizar el cierre de ventas, seguimiento a las cobranzas y control de cartera encargada. (contacto directo con los clientes).<\/li><li>Realizar la prospecci\u00f3n clientes potenciales en el rubro salud ocupacional mediante contacto a la BBDD, en Lima y provincias.<\/li><li>Analizar el registro de base de datos de clientes, del software ocupacional, realizar el seguimiento comercial de los clientes.<\/li><li>Reporte diario, semanal y mensual de actividades y resultados.<\/li><li>Labores espec\u00edficas asignadas por su jefe inmediato.<\/li><li>Cumplir los lineamientos y pol\u00edticas, Reglamento Interno de Trabajo y Pol\u00edticas Organizacionales a fin de asegurar el logro de los objetivos organizacionales, la calidad del servicio brindado y objetivos de la organizaci\u00f3n.<\/li><li>Capacidad de comunicaci\u00f3n, tolerancia al trabajo bajo presi\u00f3n.<\/li><li>Otras funciones como apoyo comercial a las asesoras de ventas y a la Jefatura Comercial.<\/li><\/ul><p><strong>Beneficios:<\/strong><\/p><ul><li>Remuneraci\u00f3n acorde al mercado m\u00e1s comisiones.<\/li><li>Ingreso a planilla<\/li><li>Horario de Oficina: Lunes a viernes de 8:00 am. a 5:00pm. \u00a0y s\u00e1bado de 8:00 am a 1:00 pm<\/li><li>Oportunidad de crecimiento<\/li><\/ul><p>\u00a1\u00danete a nuestra familia y vive la experiencia MCR, te esperamos!<\/p><p><strong>Requerimientos<\/strong><\/p><ul><li>Educaci\u00f3n m\u00ednima: T\u00e9cnico<\/li><li>2 a\u00f1os de experiencia<\/li><li>Edad: A partir de 21 a\u00f1os<\/li><\/ul><p style=\"text-align: center;\"><strong>Para postular env\u00eda tu correo a contacto@medicentrocristoredentor.com con tu CV en PDFcon el asunto \u00abAsesora de ventas Corporativo &#8211; Telemarketing<\/strong>\u00ab<\/p>\t\t\t\t\t\t<\/div>\n\t\t\t\t<\/div>\n\t\t\t\t\t<\/div>\n\t\t<\/div>\n\t\t\t\t\t\t\t<\/div>\n\t\t<\/section>\n\t\t\t\t<section class=\"elementor-section elementor-top-section elementor-element elementor-element-712282f elementor-section-boxed elementor-section-height-default elementor-section-height-default\" data-id=\"712282f\" data-element_type=\"section\">\n\t\t\t\t\t\t<div class=\"elementor-container elementor-column-gap-default\">\n\t\t\t\t\t<div class=\"elementor-column elementor-col-100 elementor-top-column elementor-element elementor-element-474544f6\" data-id=\"474544f6\" data-element_type=\"column\">\n\t\t\t<div class=\"elementor-widget-wrap elementor-element-populated\">\n\t\t\t\t\t\t\t\t<div class=\"elementor-element elementor-element-4357fcfa elementor-widget-divider--view-line elementor-widget elementor-widget-divider\" data-id=\"4357fcfa\" data-element_type=\"widget\" data-widget_type=\"divider.default\">\n\t\t\t\t<div class=\"elementor-widget-container\">\n\t\t\t\t\t<div class=\"elementor-divider\">\n\t\t\t<span class=\"elementor-divider-separator\">\n\t\t\t\t\t\t<\/span>\n\t\t<\/div>\n\t\t\t\t<\/div>\n\t\t\t\t<\/div>\n\t\t\t\t<div class=\"elementor-element elementor-element-591d814e elementor-widget elementor-widget-heading\" data-id=\"591d814e\" data-element_type=\"widget\" data-widget_type=\"heading.default\">\n\t\t\t\t<div class=\"elementor-widget-container\">\n\t\t\t<h2 class=\"elementor-heading-title elementor-size-default\">Si sabes de alguien mas interesado compartelo <\/h2>\t\t<\/div>\n\t\t\t\t<\/div>\n\t\t\t\t<div class=\"elementor-element elementor-element-5aee2cc2 elementor-share-buttons--shape-rounded elementor-grid-mobile-0 elementor-share-buttons--align-center elementor-share-buttons-mobile--align-center elementor-share-buttons--view-icon-text elementor-share-buttons--skin-gradient elementor-grid-0 elementor-share-buttons--color-official elementor-widget elementor-widget-share-buttons\" data-id=\"5aee2cc2\" data-element_type=\"widget\" data-widget_type=\"share-buttons.default\">\n\t\t\t\t<div class=\"elementor-widget-container\">\n\t\t\t<link rel=\"stylesheet\" href=\"https:\/\/imagenes.medicentrocristoredentor.com\/wp-content\/plugins\/elementor-pro\/assets\/css\/widget-share-buttons.min.css\">\t\t<div class=\"elementor-grid\">\n\t\t\t\t\t\t\t\t<div class=\"elementor-grid-item\">\n\t\t\t\t\t\t<div class=\"elementor-share-btn elementor-share-btn_facebook\" tabindex=\"0\" aria-label=\"Share on facebook\">\n\t\t\t\t\t\t\t\t\t\t\t\t\t\t\t<span class=\"elementor-share-btn__icon\">\n\t\t\t\t\t\t\t\t<i class=\"fab fa-facebook\" aria-hidden=\"true\"><\/i>\t\t\t\t\t\t\t<\/span>\n\t\t\t\t\t\t\t\t\t\t\t\t\t\t\t\t\t\t\t\t\t\t<div class=\"elementor-share-btn__text\">\n\t\t\t\t\t\t\t\t\t\t\t\t\t\t\t\t\t\t\t<span class=\"elementor-share-btn__title\">\n\t\t\t\t\t\t\t\t\t\tFacebook\t\t\t\t\t\t\t\t\t<\/span>\n\t\t\t\t\t\t\t\t\t\t\t\t\t\t\t\t\t<\/div>\n\t\t\t\t\t\t\t\t\t\t\t\t\t<\/div>\n\t\t\t\t\t<\/div>\n\t\t\t\t\t\t\t\t\t<div class=\"elementor-grid-item\">\n\t\t\t\t\t\t<div class=\"elementor-share-btn elementor-share-btn_twitter\" tabindex=\"0\" aria-label=\"Share on twitter\">\n\t\t\t\t\t\t\t\t\t\t\t\t\t\t\t<span class=\"elementor-share-btn__icon\">\n\t\t\t\t\t\t\t\t<i class=\"fab fa-twitter\" aria-hidden=\"true\"><\/i>\t\t\t\t\t\t\t<\/span>\n\t\t\t\t\t\t\t\t\t\t\t\t\t\t\t\t\t\t\t\t\t\t<div class=\"elementor-share-btn__text\">\n\t\t\t\t\t\t\t\t\t\t\t\t\t\t\t\t\t\t\t<span class=\"elementor-share-btn__title\">\n\t\t\t\t\t\t\t\t\t\tTwitter\t\t\t\t\t\t\t\t\t<\/span>\n\t\t\t\t\t\t\t\t\t\t\t\t\t\t\t\t\t<\/div>\n\t\t\t\t\t\t\t\t\t\t\t\t\t<\/div>\n\t\t\t\t\t<\/div>\n\t\t\t\t\t\t\t\t\t<div class=\"elementor-grid-item\">\n\t\t\t\t\t\t<div class=\"elementor-share-btn elementor-share-btn_linkedin\" tabindex=\"0\" aria-label=\"Share on linkedin\">\n\t\t\t\t\t\t\t\t\t\t\t\t\t\t\t<span class=\"elementor-share-btn__icon\">\n\t\t\t\t\t\t\t\t<i class=\"fab fa-linkedin\" aria-hidden=\"true\"><\/i>\t\t\t\t\t\t\t<\/span>\n\t\t\t\t\t\t\t\t\t\t\t\t\t\t\t\t\t\t\t\t\t\t<div class=\"elementor-share-btn__text\">\n\t\t\t\t\t\t\t\t\t\t\t\t\t\t\t\t\t\t\t<span class=\"elementor-share-btn__title\">\n\t\t\t\t\t\t\t\t\t\tLinkedIn\t\t\t\t\t\t\t\t\t<\/span>\n\t\t\t\t\t\t\t\t\t\t\t\t\t\t\t\t\t<\/div>\n\t\t\t\t\t\t\t\t\t\t\t\t\t<\/div>\n\t\t\t\t\t<\/div>\n\t\t\t\t\t\t<\/div>\n\t\t\t\t<\/div>\n\t\t\t\t<\/div>\n\t\t\t\t\t<\/div>\n\t\t<\/div>\n\t\t\t\t\t\t\t<\/div>\n\t\t<\/section>\n\t\t\t\t<section class=\"elementor-section elementor-top-section elementor-element elementor-element-44a5b0cb elementor-section-boxed elementor-section-height-default elementor-section-height-default\" data-id=\"44a5b0cb\" data-element_type=\"section\">\n\t\t\t\t\t\t<div class=\"elementor-container elementor-column-gap-default\">\n\t\t\t\t\t<div class=\"elementor-column elementor-col-100 elementor-top-column elementor-element elementor-element-53b30ac1\" data-id=\"53b30ac1\" data-element_type=\"column\">\n\t\t\t<div class=\"elementor-widget-wrap elementor-element-populated\">\n\t\t\t\t\t\t\t\t<div class=\"elementor-element elementor-element-6d2410f5 elementor-widget elementor-widget-spacer\" data-id=\"6d2410f5\" data-element_type=\"widget\" data-widget_type=\"spacer.default\">\n\t\t\t\t<div class=\"elementor-widget-container\">\n\t\t\t<style>\/*! elementor - v3.7.7 - 20-09-2022 *\/\n.elementor-column .elementor-spacer-inner{height:var(--spacer-size)}.e-container{--container-widget-width:100%}.e-container>.elementor-widget-spacer{width:var(--container-widget-width,var(--spacer-size));-ms-flex-item-align:stretch;align-self:stretch;-ms-flex-negative:0;flex-shrink:0}.e-container>.elementor-widget-spacer>.elementor-widget-container,.e-container>.elementor-widget-spacer>.elementor-widget-container>.elementor-spacer{height:100%}.e-container>.elementor-widget-spacer>.elementor-widget-container>.elementor-spacer>.elementor-spacer-inner{height:var(--container-widget-height,var(--spacer-size))}<\/style>\t\t<div class=\"elementor-spacer\">\n\t\t\t<div class=\"elementor-spacer-inner\"><\/div>\n\t\t<\/div>\n\t\t\t\t<\/div>\n\t\t\t\t<\/div>\n\t\t\t\t\t<\/div>\n\t\t<\/div>\n\t\t\t\t\t\t\t<\/div>\n\t\t<\/section>\n\t\t\t\t\t\t\t<\/div>\n\t\t","protected":false},"excerpt":{"rendered":"<p>Bolsa de Trabajo En Medicentro Cristo Redentor estamos comprometidos en el crecimiento empresarial y profesional.Te invitamos a que puedas revisar nuestra propuestas laborales enfocadas en perfiles especificos\u00a0 Asesora de Ventas Corporativo &#8211; Telemarkting En MCR, empresa dedicada al rubro de Salud Ocupacional nos encontramos en la b\u00fasqueda del mejor talento para cubrir la posici\u00f3n de [&hellip;]<\/p>\n","protected":false},"author":1,"featured_media":85,"parent":0,"menu_order":0,"comment_status":"closed","ping_status":"closed","template":"","meta":[],"_links":{"self":[{"href":"https:\/\/imagenes.medicentrocristoredentor.com\/index.php\/wp-json\/wp\/v2\/pages\/81"}],"collection":[{"href":"https:\/\/imagenes.medicentrocristoredentor.com\/index.php\/wp-json\/wp\/v2\/pages"}],"about":[{"href":"https:\/\/imagenes.medicentrocristoredentor.com\/index.php\/wp-json\/wp\/v2\/types\/page"}],"author":[{"embeddable":true,"href":"https:\/\/imagenes.medicentrocristoredentor.com\/index.php\/wp-json\/wp\/v2\/users\/1"}],"replies":[{"embeddable":true,"href":"https:\/\/imagenes.medicentrocristoredentor.com\/index.php\/wp-json\/wp\/v2\/comments?post=81"}],"version-history":[{"count":3,"href":"https:\/\/imagenes.medicentrocristoredentor.com\/index.php\/wp-json\/wp\/v2\/pages\/81\/revisions"}],"predecessor-version":[{"id":175,"href":"https:\/\/imagenes.medicentrocristoredentor.com\/index.php\/wp-json\/wp\/v2\/pages\/81\/revisions\/175"}],"wp:featuredmedia":[{"embeddable":true,"href":"https:\/\/imagenes.medicentrocristoredentor.com\/index.php\/wp-json\/wp\/v2\/media\/85"}],"wp:attachment":[{"href":"https:\/\/imagenes.medicentrocristoredentor.com\/index.php\/wp-json\/wp\/v2\/media?parent=81"}],"curies":[{"name":"wp","href":"https:\/\/api.w.org\/{rel}","templated":true}]}}